{"id":10904,"date":"2024-06-30T17:45:04","date_gmt":"2024-06-30T17:45:04","guid":{"rendered":"https:\/\/ui.creativelabvault.com\/index.php\/pravilnik-o-piskotkih-eu\/"},"modified":"2025-02-16T11:41:00","modified_gmt":"2025-02-16T11:41:00","slug":"pravilnik-o-piskotkih-eu","status":"publish","type":"page","link":"https:\/\/urban-informatics.eu\/index.php\/pravilnik-o-piskotkih-eu\/","title":{"rendered":"Pravilnik o pi\u0161kotkih (EU)"},"content":{"rendered":"\t\t<div data-elementor-type=\"wp-page\" data-elementor-id=\"10904\" class=\"elementor elementor-10904\" data-elementor-post-type=\"page\">\n\t\t\t\t<div class=\"elementor-element elementor-element-5e3f9a88 e-flex e-con-boxed e-con e-parent\" data-id=\"5e3f9a88\" data-element_type=\"container\">\n\t\t\t\t\t<div class=\"e-con-inner\">\n\t\t\t\t<div class=\"elementor-element elementor-element-4026328c elementor-widget elementor-widget-text-editor\" data-id=\"4026328c\" data-element_type=\"widget\" data-widget_type=\"text-editor.default\">\n\t\t\t\t<div class=\"elementor-widget-container\">\n\t\t\t\t\t\t\t<h2>Politika zasebnosti<\/h2>\n<div>&nbsp;<\/div>\n<div>\n<p>Namen politike zasebnosti je seznaniti posameznike, stranke, uporabnike izdelkov ali storitev, sodelavce, zaposlene ter druge osebe (v nadaljevanju: \u00bbposameznik\u00ab), ki sodelujejo s podjetjem Tenzor d. o. o. (v nadaljevanju: \u00bbpodjetje\u00ab), o namenih, pravnih podlagah, varnostnih ukrepih in pravicah posameznikov glede obdelave osebnih podatkov, ki jih izvaja podjetje.<\/p>\n<\/div>\n<div>\n<div>&nbsp;<\/div>\n<div><strong>Cenimo va\u0161o zasebnost, zato va\u0161e podatke vedno skrbno varujemo.&nbsp;<\/strong><\/div>\n<div><strong>&nbsp;<\/strong><\/div>\n<div>&nbsp;<\/div>\n<div>Osebne podatke obdelujemo v skladu z veljavno zakonodajo s podro\u010dja varstva osebnih podatkov in drugo zakonodajo, ki nam daje pravno podlago za obdelavo osebnih podatkov.<\/div>\n<div>&nbsp;<\/div>\n<div>Vsaka sprememba tega dokumenta bo objavljena na na\u0161i spletni strani. Z uporabo spletne strani potrjujete, da ste seznanjeni s celotno vsebino politike zasebnosti.<\/div>\n<div>&nbsp;<\/div>\n<div>&nbsp;<\/div>\n<div><strong>Upravljavec osebnih podatkov:<\/strong><\/div>\n<div>TENZOR d. o. o.<\/div>\n<div>Mariborska cesta 13<\/div>\n<div>SI-2250 PTUJ<\/div>\n<div>e-po\u0161ta: gdpr@tenzor.si<\/div>\n<div>telefon: 02 788 01 10<\/div>\n<div>Spletna stran: https:\/\/www.tenzor.si<\/div>\n<div>&nbsp;<\/div>\n<div>&nbsp;<\/div>\n<h4>1) Osebni podatki<\/h4>\n<div>Osebni podatek pomeni katero koli informacijo v zvezi z dolo\u010denim ali dolo\u010dljivim posameznikom; dolo\u010dljivi posameznik je tisti, ki ga je mogo\u010de neposredno ali posredno dolo\u010diti, zlasti z navedbo identifikatorja, kot so: ime, identifikacijska \u0161tevilka, podatki o lokaciji, spletni identifikator ali&nbsp; navedba enega ali ve\u010d dejavnikov, ki so zna\u010dilni za fizi\u010dno, fiziolo\u0161ko, genetsko, du\u0161evno, gospodarsko, kulturno ali dru\u017ebeno identiteto tega posameznika.<\/div>\n<div>&nbsp;<\/div>\n<h4>&nbsp;<\/h4>\n<h4>2) Nameni obdelave in podlage za obdelavo podatkov<\/h4>\n<div>Podjetje zbira in obdeluje osebne podatke na naslednjih pravnih podlagah:<\/div>\n<div>\n<ul>\n<li>\u00adobdelava je potrebna za izpolnitev&nbsp;<strong>zakonske obveznosti<\/strong>, ki velja za upravljavca;<\/li>\n<li>\u00adobdelava je potrebna za&nbsp;<strong>izvajanje pogodbe<\/strong>, katere pogodbena stranka je posameznik, na katerega se nana\u0161ajo osebni podatki, ali za izvajanje ukrepov na zahtevo takega posameznika pred sklenitvijo pogodbe;<\/li>\n<li>\u00adobdelava je potrebna zaradi&nbsp;<strong>zakonitih interesov<\/strong>, za katere si prizadeva upravljavec ali tretja oseba;<\/li>\n<li>\u00adposameznik, na katerega se nana\u0161ajo osebni podatki, je&nbsp;<strong>privolil&nbsp;<\/strong>v obdelavo svojih&nbsp; osebnih podatkov v enega ali ve\u010d dolo\u010denih namenov;<\/li>\n<li>\u00adobdelava je potrebna za&nbsp;<strong>za\u0161\u010dito \u017eivljenjskih interesov<\/strong>&nbsp;posameznika, na katerega se nana\u0161ajo osebni podatki, ali druge fizi\u010dne osebe.<\/li>\n<\/ul>\n<\/div>\n<div>Podjetje lahko na podlagi opravljanja zakonite dejavnosti stranke, kupce in uporabnike svojih&nbsp; storitev na njihov elektronski naslov obve\u0161\u010da o svojih storitvah, dogodkih, izobra\u017eevanjih, ponudbah in drugih vsebinah. Posameznik lahko kadarkoli zahteva prekinitev tovrstnega komuniciranja in obdelave osebnih podatkov ter prekli\u010de prejemanje sporo\u010dil preko povezave za odjavo v prejetem sporo\u010dilu ali posreduje zahtevek po elektronski po\u0161ti ali z redno po\u0161to na naslov podjetja.<\/div>\n<div>&nbsp;<\/div>\n<div>Pravni podlagi za obdelavo podatkov sta zakoniti interes in privolitev. Podatki se bodo obdelovali do preklica prejemanja sporo\u010dil oziroma do umika privolitve ali do izpolnitve namena obdelave. Preklic privolitve ne vpliva na zakonitost obdelave na podlagi privolitve pred njenim preklicem.<\/div>\n<div>&nbsp;<\/div>\n<div>&nbsp;<\/div>\n<div><strong>Videonadzor&nbsp;<\/strong><\/div>\n<div><strong>&nbsp;<\/strong><\/div>\n<div>V organizaciji Tenzor d. o. o. izvajamo videonadzor. S pomo\u010djo videonadzora (kamere so name\u0161\u010dene v okolici vhodov v organizacijo) spremljamo vstope v prostore in izstope iz njih (na podlagi 77. \u010dlena ZVOP-2). Videonadzor pa izvajamo tudi za namen varovanja posameznikov (uporabnikov, zaposlenih in obiskovalcev) ter premo\u017eenja organizacije (na podlagi zakonitega interesa, kot ga dolo\u010da to\u010dka (f) 1. odstavka 6. \u010dlena Splo\u0161ne uredbe). Posnetki se hranijo 90 dni. Videonadzora ne izvajamo na na\u010din, ki bi imel poseben vpliv obdelave. Prav tako videonadzor ne omogo\u010da neobi\u010dajne nadaljnje obdelave, kot so prenosi subjektom v tretje dr\u017eave, mo\u017enost zvo\u010dne intervencije v primeru spremljanja dogajanja v \u017eivo. Videonadzor omogo\u010da spremljanje dogajanja v \u017eivo. Vse informacije glede izvajanja videonadzora lahko pridobite na telefonski \u0161tevilki oz. elektronskem naslovu organizacije. Pravice posameznikov so opisane v tej Politiki zasebnosti.<\/div>\n<div>&nbsp;<\/div>\n<div>&nbsp;<\/div>\n<div><strong>Izvajanje sklenjene pogodbe<\/strong><\/div>\n<div><strong>&nbsp;<\/strong><\/div>\n<div>V primerih, ko posameznik s podjetjem sklene pogodbo, ta predstavlja pravno podlago za obdelavo osebnih podatkov. Osebne podatke sme podjetje tako obdelovati za sklenitev in izvajanje pogodbe, kot je npr. prodaja blaga in storitev, priprava ponudbe, sodelovanje v razli\u010dnih programih ipd. \u010ce posameznik osebnih podatkov ne posreduje, podjetje ne more skleniti pogodbe, prav tako podjetje ne more izvesti storitve oziroma dostaviti blaga&nbsp; ali drugih produktov v skladu s sklenjeno pogodbo, saj nima potrebnih podatkov za izvedbo. Na tej podlagi podjetje obdeluje samo in izklju\u010dno tiste osebne podatke, ki so potrebni za sklenitev in pravilno izvajanje pogodbenih obveznosti.<\/div>\n<div>&nbsp;<\/div>\n<div>Pravna podlaga za obdelavo podatkov je pogodba. Rok hrambe je do izpolnitve namena pogodbe oz. do 6 let po prenehanju pogodbe, razen v primerih, ko pride med posameznikom in podjetjem do spora v zvezi s pogodbo. V takem primeru hrani podjetje podatke \u0161e 10 let po pravnomo\u010dnosti sodne odlo\u010dbe, arbitra\u017ee ali sodne poravnave ali, \u010de sodnega spora ni bilo, 5 let od dneva mirne razre\u0161itve spora.<\/div>\n<div>&nbsp;<\/div>\n<div>&nbsp;<\/div>\n<div><strong>Zakoniti interes<\/strong><\/div>\n<div><strong>&nbsp;<\/strong><\/div>\n<div>Podjetje lahko osebne podatke obdeluje tudi na podlagi zakonitega interesa, za katerega si prizadeva. Slednje ni dopustno, kadar nad takimi interesi prevladajo interesi ali temeljne pravice in svobo\u0161\u010dine posameznika, na katerega se nana\u0161ajo osebni podatki, ki zahtevajo varstvo osebnih podatkov. V primeru uporabe zakonitega interesa podjetje opravi presojo skladno z zakonodajo. Obdelava osebnih podatkov posameznikov za namene neposrednega tr\u017eenja se \u0161teje za opravljeno v zakonitem interesu.<\/div>\n<div>Podjetje lahko obdeluje osebne podatke posameznikov, ki jih je zbralo iz javno dostopnih virov ali v okviru zakonitega opravljanja dejavnosti, tudi za namene ponujanja blaga, storitev, zaposlitev, obve\u0161\u010danja o ugodnostih, dogodkih ipd. Za dosego teh namenov lahko podjetje uporablja navadno po\u0161to, telefonske klice, elektronsko po\u0161to in druga telekomunikacijska sredstva. Za namene neposrednega tr\u017eenja lahko podjetje obdeluje naslednje osebne podatke posameznikov: ime in priimek posameznika, naslov stalnega ali za\u010dasnega prebivali\u0161\u010da, telefonsko \u0161tevilko in naslov elektronske po\u0161te. Navedene osebne podatke lahko za namene neposrednega tr\u017eenja podjetje obdeluje tudi brez izrecne privolitve posameznika. Posameznik lahko kadarkoli zahteva prekinitev tovrstnega komuniciranja in obdelave osebnih podatkov ter prekli\u010de prejemanje sporo\u010dil preko povezave za odjavo v prejetem sporo\u010dilu ali posreduje zahtevek po elektronski po\u0161ti ali z redno po\u0161to na naslov podjetja.<\/div>\n<div>&nbsp;<\/div>\n<div>Pravna podlagi za obdelavo podatkov je zakoniti interes. Podatki se bodo obdelovali do preklica prejemanja sporo\u010dil, oziroma do izpolnitve namena obdelave. Preklic ne vpliva na zakonitost obdelave na podlagi privolitve pred njenim preklicem.<\/div>\n<div>&nbsp;<\/div>\n<div><strong>Obdelava na podlagi privolitve oz. soglasja<\/strong><\/div>\n<div><strong>&nbsp;<\/strong><\/div>\n<div>\u010ce podjetje nima pravne podlage izkazane na osnovi zakona, pogodbene obveznosti, zakonitega interesa ali za\u0161\u010dite \u017eivljenja posameznika, sme posameznika zaprositi za privolitev oz. soglasje. Tako lahko obdeluje dolo\u010dene osebne podatke posameznika tudi za naslednje namene, kadar posameznik poda za to soglasje:<\/div>\n<div>\n<ul>\n<li>\u00adnaslov prebivali\u0161\u010da in naslov elektronske po\u0161te (za namene obve\u0161\u010danja in komunikacije);<\/li>\n<li>\u00adfotografije, videoposnetki in druge vsebine, ki se nana\u0161ajo na posameznika (npr. objava slik posameznikov na spletni strani za namene dokumentiranja aktivnosti in obve\u0161\u010danja javnosti o delu in dogodkih podjetja;<\/li>\n<li>\u00addruge namene, za katere se posameznik strinja s privolitvijo.<\/li>\n<\/ul>\n<\/div>\n<div>\u010ce posameznik poda soglasje za obdelavo osebnih podatkov in v nekem trenutku tega ve\u010d ne \u017eeli, lahko zahteva prekinitev obdelave osebnih podatkov z zahtevkom po elektronski po\u0161ti ali z redno po\u0161to na naslov podjetja. Preklic privolitve ne vpliva na zakonitost obdelave na podlagi privolitve pred njenim preklicem. Po prejemu preklica ali zahteve za izbris se podatki izbri\u0161ejo najkasneje v 15 dneh. Podjetje lahko te podatke izbri\u0161e tudi pred preklicem, kadar je bil dose\u017een namen obdelave osebnih podatkov ali \u010de tako dolo\u010da zakon.<\/div>\n<div>&nbsp;<\/div>\n<div>Izjemoma lahko podjetje zavrne zahtevo za izbris iz razlogov iz Splo\u0161ne uredbe v primerih uresni\u010devanja pravice do svobode izra\u017eanja in obve\u0161\u010danja, izpolnjevanja pravne obveznosti obdelave, razlogov javnega interesa na podro\u010dju javnega zdravja, namenov arhiviranja v javnem interesu, znanstveno- ali zgodovinsko raziskovalnih namenov, statisti\u010dnih namenov, izvajanja ali obrambe pravnih zahtevkov.<\/div>\n<div>&nbsp;<\/div>\n<div>Pravna podlaga za obdelavo podatkov je privolitev. Podatki se bodo obdelovali do preklica oziroma do umika privolitve oziroma do izpolnitve namena obdelave. Preklic privolitve ne vpliva na zakonitost obdelave na podlagi privolitve pred njenim preklicem.<\/div>\n<div>&nbsp;<\/div>\n<div><strong>Za\u0161\u010dita \u017eivljenjskih interesov posameznika<\/strong><\/div>\n<div>Podjetje lahko obdeluje osebne podatke posameznika, na katerega se nana\u0161ajo osebni podatki, v kolikor je to nujno za za\u0161\u010dito njegovih \u017eivljenjskih interesov. V nujnih primerih lahko podjetje poi\u0161\u010de osebni dokument posameznika, preveri, ali ta oseba obstaja v njegovi zbirki podatkov, preu\u010di njegovo anamnezo ali nave\u017ee stik z njegovimi svojci, za kar podjetje ne potrebuje posameznikove privolitve. Navedeno velja v primeru, ko je to nujno potrebno za za\u0161\u010dito \u017eivljenjskih interesov posameznika.<\/div>\n<div>&nbsp;<\/div>\n<div>&nbsp;<\/div>\n<div>&nbsp;<\/div>\n<h4>3) Hramba in izbris osebnih podatkov<\/h4>\n<div>Podjetje bo hranilo osebne podatke le toliko \u010dasa, dokler bo to potrebno za uresni\u010ditev namena, zaradi katerega so bili osebni podatki zbrani in obdelovani. V kolikor podjetje podatke obdeluje na podlagi zakona, jih bo hranilo za obdobje, ki ga predpisuje zakon. Pri tem se nekateri podatki hranijo v&nbsp; \u010dasu sodelovanja s podjetjem, nekatere podatke pa je treba hraniti trajno. Osebne podatke, ki jih podjetje obdeluje na osnovi pogodbenega odnosa s posameznikom, podjetje hrani za obdobje, ki je potrebno za izvr\u0161itev pogodbe in \u0161e 6 let po njenem prenehanju, razen v primerih, ko pride med posameznikom in podjetjem do spora v zvezi s pogodbo. V takem primeru hrani podjetje podatke \u0161e 10 let po pravnomo\u010dnosti sodne odlo\u010dbe, arbitra\u017ee ali sodne poravnave ali, \u010de sodnega spora ni bilo, 5 let od dneva mirne razre\u0161itve spora. Tiste osebne podatke, ki jih podjetje obdeluje na podlagi osebne privolite posameznika ali zakonitega interesa, bo podjetje hranilo do preklica privolitve ali do zahteve za&nbsp; izbris podatkov. Po prejemu preklica ali zahteve za izbris se podatki izbri\u0161ejo brez nepotrebnega odla\u0161anja. Podjetje lahko te podatke izbri\u0161e tudi pred preklicem, kadar je bil dose\u017een namen obdelave osebnih podatkov ali \u010de tako dolo\u010da zakon. V primeru uveljavljanja pravic posameznika podjetje hrani osebne podatke tega posameznika, dokler o zadevi ni pravnomo\u010dno odlo\u010deno, po pravnomo\u010dnosti pa skladno s pravnomo\u010dno odlo\u010ditvijo v zadevi.<\/div>\n<div>&nbsp;<\/div>\n<div>Izjemoma lahko podjetje zavrne zahtevo za izbris iz razlogov, kot so: uresni\u010devanje pravice do svobode izra\u017eanja in obve\u0161\u010danja, izpolnjevanje pravne obveznosti obdelave, razlogi javnega interesa na podro\u010dju javnega zdravja, nameni arhiviranja v javnem interesu, znanstveno- ali zgodovinsko raziskovalni nameni ali statisti\u010dni nameni, izvajanje ali obramba pravnih zahtevkov. Po preteku obdobja hrambe mora podjetje osebne podatke u\u010dinkovito in trajno izbrisati ali anonimizirati, tako da jih ni ve\u010d mogo\u010de povezati z dolo\u010denim posameznikom.<\/div>\n<div>&nbsp;<\/div>\n<div>&nbsp;<\/div>\n<div>&nbsp;<\/div>\n<h4>4) Pogodbena obdelava osebnih podatkov in iznos podatkov<\/h4>\n<div>Podjetje lahko posamezne obdelave osebnih podatkov na osnovi pogodbe o pogodbeni obdelavi zaupa pogodbenemu obdelovalcu. Pogodbeni obdelovalci lahko zaupane podatke obdelujejo izklju\u010dno v imenu upravljavca, v mejah njegovega pooblastila, ki je zapisano v pisni pogodbi oziroma drugem pravnem aktu in skladno z nameni, ki so opredeljeni v tej politiki zasebnosti.<\/div>\n<div>Pogodbeni obdelovalci, s katerimi sodeluje podjetje, so predvsem:<\/div>\n<div>\n<ul>\n<li>\u00adrevizorske storitve in drugi ponudniki pravnega ter poslovnega svetovanja;<\/li>\n<li>\u00advzdr\u017eevalci informacijskih sistemov;<\/li>\n<li>\u00adponudniki e-po\u0161tnih storitev in ponudniki programske opreme, storitev v oblaku (Microsoft, Google).<\/li>\n<\/ul>\n<\/div>\n<div>Podjetje za namene bolj\u0161ega pregleda in nadzora nad pogodbenimi obdelovalci in urejenosti medsebojnega pogodbenega razmerja vodi tudi seznam pogodbenih obdelovalcev, kjer so navedeni vsi konkretni pogodbeni obdelovalci, s katerimi podjetje sodeluje.<\/div>\n<div>&nbsp;<\/div>\n<div>Podjetje v nobenem primeru ne bo posredovalo osebnih podatkov posameznika tretjim nepoobla\u0161\u010denim osebam. Pogodbeni obdelovalci smejo osebne podatke obdelovati zgolj v okviru navodil podjetja in osebnih podatkov ne smejo uporabiti za katerekoli druge namene.<\/div>\n<div>&nbsp;<\/div>\n<div>Podjetje kot upravljavec in njegovi&nbsp; zaposleni osebnih podatkov ne izna\u0161ajo v tretje dr\u017eave (izven dr\u017eav \u010dlanic Evropskega gospodarskega prostora \u2013 \u010dlanice EU ter Islandija, Norve\u0161ka in Liechtenstein) in v mednarodne organizacije.<\/div>\n<div>&nbsp;<\/div>\n<div>&nbsp;<\/div>\n<div>&nbsp;<\/div>\n<h4>5) Pi\u0161kotki<\/h4>\n<div>Spletna stran podjetja deluje s pomo\u010djo t.i. pi\u0161kotkov (angl. cookies), ki so pomembni za zagotavljanje spletnih storitev, uporabljajo pa se za shranjevanje podatkov o stanju posamezne spletne strani, za pomo\u010d pri zbiranju statistik o uporabnikih in obiskanosti spletnega mesta itd. Ob vstopu na spletno stran se na napravo nalo\u017eijo samo tisti pi\u0161kotki, ki so nujno potrebni za delovanje spletne strani (npr. za nakupovalno ko\u0161arico). Ostali pi\u0161kotki se bodo nalo\u017eili samo s posameznikovo privolitvijo. Nastavitve lahko posameznik kadarkoli spremeni in pi\u0161kotke izbri\u0161e (navodila se nahajajo na spletnih straneh posameznega brskalnika).<\/div>\n<div>&nbsp;<\/div>\n<div>\n<div><strong>Vrste pi\u0161kotkov, ki jih uporabljamo:<\/strong><\/div>\n<div><strong>&nbsp;<\/strong><\/div>\n<div><strong>&nbsp;<\/strong><\/div>\n<div>\n<p>Tukaj je prevedena tabela angle\u0161kih pi\u0161kotkov v sloven\u0161\u010dino, predstavljena v tabelari\u010dni obliki:<\/p>\n<table>\n<thead>\n<tr>\n<th>Pi\u0161kotek<\/th>\n<th>Vrsta<\/th>\n<th>Opis<\/th>\n<th>Trajanje<\/th>\n<\/tr>\n<\/thead>\n<tbody>\n<tr>\n<td>PH_HPXY_CHECK<\/td>\n<td>Nujni<\/td>\n<td>Ta pi\u0161kotek se uporablja za shranjevanje informacij o trenutni seji.<\/td>\n<td>seja<\/td>\n<\/tr>\n<tr>\n<td><em>ga<\/em>*<\/td>\n<td>Analiti\u010dni<\/td>\n<td>Google Analytics nastavi ta pi\u0161kotek za shranjevanje in \u0161tetje ogledov strani.<\/td>\n<td>1 leto<\/td>\n<\/tr>\n<tr>\n<td>_ga<\/td>\n<td>Analiti\u010dni<\/td>\n<td>Pi\u0161kotek _ga, ki ga namesti Google Analytics, izra\u010dunava podatke o obiskovalcih, sejah in kampanjah ter spremlja uporabo spletne strani za analiti\u010dno poro\u010dilo. Shranjuje informacije anonimno in dodeli naklju\u010dno ustvarjeno \u0161tevilko za prepoznavo edinstvenih obiskovalcev.<\/td>\n<td>1 leto<\/td>\n<\/tr>\n<tr>\n<td>rc::a<\/td>\n<td>Nujni<\/td>\n<td>Pi\u0161kotek, ki ga Google Analytics uporablja za spremljanje statistike.<\/td>\n<td>trajno<\/td>\n<\/tr>\n<tr>\n<td>rc::c<\/td>\n<td>Nujni<\/td>\n<td>Ta pi\u0161kotek nastavi storitev Google reCAPTCHA za prepoznavanje botov in za\u0161\u010dito spletnega mesta pred zlonamernimi spam napadi.<\/td>\n<td>seja<\/td>\n<\/tr>\n<tr>\n<td>wpEmojiSettingsSupports<\/td>\n<td>Nujni<\/td>\n<td>WordPress nastavi ta pi\u0161kotek, ko uporabnik uporablja emojije na WordPress strani. Pomaga ugotoviti, ali uporabnikov brskalnik pravilno prikazuje emojije.<\/td>\n<td>seja<\/td>\n<\/tr>\n<tr>\n<td>wp-wpml_current_language<\/td>\n<td>Nujni<\/td>\n<td>Vti\u010dnik za ve\u010djezi\u010dnost WordPress nastavi ta pi\u0161kotek za shranjevanje trenutnega jezika\/nastavitev jezika.<\/td>\n<td>seja<\/td>\n<\/tr>\n<tr>\n<td>cmplz_policy_id<\/td>\n<td>Nujni<\/td>\n<td>Complianz nastavi ta pi\u0161kotek za bele\u017eenje sprejetih ID-jev politike pi\u0161kotkov.<\/td>\n<td>1 leto<\/td>\n<\/tr>\n<tr>\n<td>cmplz_cookie_data<\/td>\n<td>Drugi<\/td>\n<td>Complianz pi\u0161kotek.<\/td>\n<td>seja<\/td>\n<\/tr>\n<tr>\n<td>cmplz_user_data<\/td>\n<td>Drugi<\/td>\n<td>Complianz pi\u0161kotek.<\/td>\n<td>seja<\/td>\n<\/tr>\n<\/tbody>\n<\/table>\n<\/div>\n<div><span style=\"color: #0e0e0e; font-size: 30px; font-weight: bold; letter-spacing: 0px;\">&nbsp;<\/span><\/div>\n<\/div>\n<h4>6) Varovanje podatkov in to\u010dnost podatkov<\/h4>\n<div>Podjetje skrbi za informacijsko varnost in varnost infrastrukture (prostorov in aplikativno sistemske programske opreme). Na\u0161i informacijski sistemi so med drugim za\u0161\u010diteni s protivirusnimi programi in po\u017earnim zidom. Uvedli smo ustrezne organizacijsko-tehni\u010dne varnostne ukrepe, namenjene varstvu osebnih podatkov pred naklju\u010dnim ali nezakonitim uni\u010denjem, izgubo, spreminjanjem, nepoobla\u0161\u010denim razkrivanjem ali dostopom ter pred drugimi nezakonitimi in nepoobla\u0161\u010denimi oblikami obdelave. V primeru posredovanja posebnih vrst osebnih podatkov, jih posredujemo v \u0161ifrirani obliki in za\u0161\u010ditene z geslom. Posameznik je sam odgovoren, da svoje osebne podatke posreduje varno in da so posredovani podatki to\u010dni in verodostojni.<\/div>\n<div>&nbsp;<\/div>\n<h4>&nbsp;<\/h4>\n<h4>7) Pravice posameznika glede obdelave podatkov<\/h4>\n<div>Posameznik, na katerega se nana\u0161ajo osebni podatki, ima pravico zahtevati dostop do osebnih podatkov in popravek ali izbris osebnih podatkov ali omejitev obdelave v zvezi z njim ter pravico do ugovora obdelavi in pravico do prenosljivosti podatkov. Zahteva posameznika se obravnava skladno z dolo\u010dbami Splo\u0161ne uredbe in veljavne zakonodaje varstva osebnih podatkov.<\/div>\n<div>&nbsp;<\/div>\n<div>Vse navedene pravice in vsa vpra\u0161anja lahko posameznik uveljavlja z zahtevkom, poslanim na naslov podjetja. Na zahtevek posameznika bo podjetje odgovorilo brez nepotrebnega odla\u0161anja, najkasneje v enem mesecu po prejemu zahteve. Ta rok se lahko ob upo\u0161tevanju kompleksnosti in \u0161tevila zahtev podalj\u0161a za najve\u010d dva dodatna meseca, o \u010demer bo posameznik obve\u0161\u010den, skupaj z razlogi za zamudo. Uveljavljanje pravic je za posameznika brezpla\u010dno, vendar pa lahko podjetje zara\u010duna razumno pla\u010dilo, \u010de je zahteva o\u010ditno neutemeljena ali pretirana, zlasti, \u010de se ponavlja. V tak\u0161nem primeru lahko podjetje zahtevo tudi zavrne. V primeru dvoma o identiteti posameznika se lahko zahteva dodatne informacije, ki jih podjetje potrebuje za ugotovitev identitete.<\/div>\n<div>&nbsp;<\/div>\n<div>Podjetje bo v odlo\u010ditvi o zahtevi posameznika seznanilo tudi z razlogi odlo\u010ditve in informacijo o&nbsp; pravici do prito\u017ebe pri nadzornem organu v roku 15 dni od seznanitve z odlo\u010ditvijo.<\/div>\n<div>&nbsp;<\/div>\n<div>Pravico do vlo\u017eitve prito\u017ebe pri nadzornem organu lahko posameznik uveljavlja pri:<\/div>\n<div>Informacijskemu poobla\u0161\u010dencu RS na naslovu: Dunajska 22, 1000 Ljubljana( e-naslov: gp.ip@ip-rs.si, spletna stran: www.ip-rs.si).<\/div>\n<\/div>\t\t\t\t\t\t<\/div>\n\t\t\t\t<\/div>\n\t\t\t\t\t<\/div>\n\t\t\t\t<\/div>\n\t\t\t\t<\/div>\n\t\t","protected":false},"excerpt":{"rendered":"<p>Politika zasebnosti &nbsp; Namen politike zasebnosti je seznaniti posameznike, stranke, uporabnike izdelkov ali storitev, sodelavce, zaposlene ter druge osebe (v nadaljevanju: \u00bbposameznik\u00ab), ki sodelujejo s podjetjem Tenzor d. o. o. (v nadaljevanju: \u00bbpodjetje\u00ab), o namenih, pravnih podlagah, varnostnih ukrepih in pravicah posameznikov glede obdelave osebnih podatkov, ki jih izvaja podjetje. &nbsp; Cenimo va\u0161o zasebnost, zato [&hellip;]<\/p>\n","protected":false},"author":2,"featured_media":0,"parent":0,"menu_order":0,"comment_status":"closed","ping_status":"closed","template":"","meta":{"_siteseo_robots_primary_cat":"","footnotes":""},"class_list":["post-10904","page","type-page","status-publish","hentry"],"jetpack_sharing_enabled":true,"_links":{"self":[{"href":"https:\/\/urban-informatics.eu\/index.php\/wp-json\/wp\/v2\/pages\/10904","targetHints":{"allow":["GET"]}}],"collection":[{"href":"https:\/\/urban-informatics.eu\/index.php\/wp-json\/wp\/v2\/pages"}],"about":[{"href":"https:\/\/urban-informatics.eu\/index.php\/wp-json\/wp\/v2\/types\/page"}],"author":[{"embeddable":true,"href":"https:\/\/urban-informatics.eu\/index.php\/wp-json\/wp\/v2\/users\/2"}],"replies":[{"embeddable":true,"href":"https:\/\/urban-informatics.eu\/index.php\/wp-json\/wp\/v2\/comments?post=10904"}],"version-history":[{"count":1,"href":"https:\/\/urban-informatics.eu\/index.php\/wp-json\/wp\/v2\/pages\/10904\/revisions"}],"predecessor-version":[{"id":12843,"href":"https:\/\/urban-informatics.eu\/index.php\/wp-json\/wp\/v2\/pages\/10904\/revisions\/12843"}],"wp:attachment":[{"href":"https:\/\/urban-informatics.eu\/index.php\/wp-json\/wp\/v2\/media?parent=10904"}],"curies":[{"name":"wp","href":"https:\/\/api.w.org\/{rel}","templated":true}]}}